{"id":252,"date":"2024-10-16T14:17:14","date_gmt":"2024-10-16T17:17:14","guid":{"rendered":"https:\/\/1075fm.com.br\/site\/?page_id=252"},"modified":"2024-10-16T14:27:54","modified_gmt":"2024-10-16T17:27:54","slug":"equipe","status":"publish","type":"page","link":"https:\/\/1075fm.com.br\/site\/equipe\/","title":{"rendered":"Equipe"},"content":{"rendered":"\t\t<div data-elementor-type=\"wp-page\" data-elementor-id=\"252\" class=\"elementor elementor-252\" data-elementor-post-type=\"page\">\n\t\t\t\t\t\t<section class=\"elementor-section elementor-top-section elementor-element elementor-element-f66f32f elementor-section-boxed elementor-section-height-default elementor-section-height-default\" data-id=\"f66f32f\" data-element_type=\"section\" data-settings=\"{&quot;_ha_eqh_enable&quot;:false}\">\n\t\t\t\t\t\t<div class=\"elementor-container elementor-column-gap-default\">\n\t\t\t\t\t<div class=\"elementor-column elementor-col-100 elementor-top-column elementor-element elementor-element-d0e06ad\" data-id=\"d0e06ad\" data-element_type=\"column\" data-settings=\"{&quot;background_background&quot;:&quot;classic&quot;}\">\n\t\t\t<div class=\"elementor-widget-wrap elementor-element-populated\">\n\t\t\t\t\t<div class=\"elementor-background-overlay\"><\/div>\n\t\t\t\t\t\t<section class=\"elementor-section elementor-inner-section elementor-element elementor-element-450f98c elementor-section-boxed elementor-section-height-default elementor-section-height-default\" data-id=\"450f98c\" data-element_type=\"section\" data-settings=\"{&quot;_ha_eqh_enable&quot;:false}\">\n\t\t\t\t\t\t<div class=\"elementor-container elementor-column-gap-default\">\n\t\t\t\t\t<div class=\"elementor-column elementor-col-50 elementor-inner-column elementor-element elementor-element-cae38eb\" data-id=\"cae38eb\" data-element_type=\"column\">\n\t\t\t<div class=\"elementor-widget-wrap elementor-element-populated\">\n\t\t\t\t\t\t<div class=\"elementor-element elementor-element-e2b3aad elementor-invisible elementor-widget elementor-widget-heading\" data-id=\"e2b3aad\" data-element_type=\"widget\" data-settings=\"{&quot;_animation&quot;:&quot;fadeInUp&quot;,&quot;_animation_delay&quot;:200}\" data-widget_type=\"heading.default\">\n\t\t\t\t<div class=\"elementor-widget-container\">\n\t\t\t<h2 class=\"elementor-heading-title elementor-size-default\">Equipe<\/h2>\t\t<\/div>\n\t\t\t\t<\/div>\n\t\t\t\t<div class=\"elementor-element elementor-element-a827950 elementor-widget elementor-widget-heading\" data-id=\"a827950\" data-element_type=\"widget\" data-widget_type=\"heading.default\">\n\t\t\t\t<div class=\"elementor-widget-container\">\n\t\t\t<h4 class=\"elementor-heading-title elementor-size-default\">N\u00e3o perca tempo, baixe agora e conecte-se \u00e0 107,5 FM, onde e quando quiser!<\/h4>\t\t<\/div>\n\t\t\t\t<\/div>\n\t\t\t\t<div class=\"elementor-element elementor-element-04d5589 elementor-align-left elementor-widget__width-auto elementor-hidden-tablet elementor-hidden-phone elementor-invisible elementor-widget elementor-widget-button\" data-id=\"04d5589\" data-element_type=\"widget\" data-settings=\"{&quot;_animation&quot;:&quot;fadeIn&quot;,&quot;_animation_delay&quot;:300}\" data-widget_type=\"button.default\">\n\t\t\t\t<div class=\"elementor-widget-container\">\n\t\t\t\t\t<div class=\"elementor-button-wrapper\">\n\t\t\t<a class=\"elementor-button elementor-button-link elementor-size-md elementor-animation-shrink\" href=\"https:\/\/play.google.com\/store\/apps\/details?id=com.mobifull.radio1075fm&#038;hl=pt-br\" target=\"_blank\">\n\t\t\t\t\t\t<span class=\"elementor-button-content-wrapper\">\n\t\t\t\t\t\t<span class=\"elementor-button-icon\">\n\t\t\t\t<svg aria-hidden=\"true\" class=\"e-font-icon-svg e-fab-google-play\" viewBox=\"0 0 512 512\" xmlns=\"http:\/\/www.w3.org\/2000\/svg\"><path d=\"M325.3 234.3L104.6 13l280.8 161.2-60.1 60.1zM47 0C34 6.8 25.3 19.2 25.3 35.3v441.3c0 16.1 8.7 28.5 21.7 35.3l256.6-256L47 0zm425.2 225.6l-58.9-34.1-65.7 64.5 65.7 64.5 60.1-34.1c18-14.3 18-46.5-1.2-60.8zM104.6 499l280.8-161.2-60.1-60.1L104.6 499z\"><\/path><\/svg>\t\t\t<\/span>\n\t\t\t\t\t\t\t\t\t<span class=\"elementor-button-text\">GOOGLE PLAY<\/span>\n\t\t\t\t\t<\/span>\n\t\t\t\t\t<\/a>\n\t\t<\/div>\n\t\t\t\t<\/div>\n\t\t\t\t<\/div>\n\t\t\t\t<div class=\"elementor-element elementor-element-fc882ea elementor-align-left elementor-widget__width-auto elementor-hidden-tablet elementor-hidden-phone elementor-invisible elementor-widget elementor-widget-button\" data-id=\"fc882ea\" data-element_type=\"widget\" data-settings=\"{&quot;_animation&quot;:&quot;fadeIn&quot;,&quot;_animation_delay&quot;:400}\" data-widget_type=\"button.default\">\n\t\t\t\t<div class=\"elementor-widget-container\">\n\t\t\t\t\t<div class=\"elementor-button-wrapper\">\n\t\t\t<a class=\"elementor-button elementor-button-link elementor-size-md elementor-animation-shrink\" href=\"https:\/\/apps.apple.com\/br\/app\/1075-fm\/id881291080\" target=\"_blank\">\n\t\t\t\t\t\t<span class=\"elementor-button-content-wrapper\">\n\t\t\t\t\t\t<span class=\"elementor-button-icon\">\n\t\t\t\t<svg aria-hidden=\"true\" class=\"e-font-icon-svg e-fab-apple\" viewBox=\"0 0 384 512\" xmlns=\"http:\/\/www.w3.org\/2000\/svg\"><path d=\"M318.7 268.7c-.2-36.7 16.4-64.4 50-84.8-18.8-26.9-47.2-41.7-84.7-44.6-35.5-2.8-74.3 20.7-88.5 20.7-15 0-49.4-19.7-76.4-19.7C63.3 141.2 4 184.8 4 273.5q0 39.3 14.4 81.2c12.8 36.7 59 126.7 107.2 125.2 25.2-.6 43-17.9 75.8-17.9 31.8 0 48.3 17.9 76.4 17.9 48.6-.7 90.4-82.5 102.6-119.3-65.2-30.7-61.7-90-61.7-91.9zm-56.6-164.2c27.3-32.4 24.8-61.9 24-72.5-24.1 1.4-52 16.4-67.9 34.9-17.5 19.8-27.8 44.3-25.6 71.9 26.1 2 49.9-11.4 69.5-34.3z\"><\/path><\/svg>\t\t\t<\/span>\n\t\t\t\t\t\t\t\t\t<span class=\"elementor-button-text\">APPLE STORE<\/span>\n\t\t\t\t\t<\/span>\n\t\t\t\t\t<\/a>\n\t\t<\/div>\n\t\t\t\t<\/div>\n\t\t\t\t<\/div>\n\t\t\t\t\t<\/div>\n\t\t<\/div>\n\t\t\t\t<div class=\"elementor-column elementor-col-50 elementor-inner-column elementor-element elementor-element-0fbf33e\" data-id=\"0fbf33e\" data-element_type=\"column\" data-settings=\"{&quot;background_background&quot;:&quot;classic&quot;}\">\n\t\t\t<div class=\"elementor-widget-wrap elementor-element-populated\">\n\t\t\t\t\t<div class=\"elementor-background-overlay\"><\/div>\n\t\t\t\t<div class=\"elementor-element elementor-element-0890fbf e-flex e-con-boxed e-con e-parent\" data-id=\"0890fbf\" data-element_type=\"container\" data-settings=\"{&quot;_ha_eqh_enable&quot;:false}\">\n\t\t\t\t\t<div class=\"e-con-inner\">\n\t\t\t\t\t<\/div>\n\t\t\t\t<\/div>\n\t\t\t\t<div class=\"elementor-element elementor-element-a6b3514 animated-slow elementor-invisible elementor-widget elementor-widget-heading\" data-id=\"a6b3514\" data-element_type=\"widget\" data-settings=\"{&quot;_animation&quot;:&quot;fadeInLeft&quot;}\" data-widget_type=\"heading.default\">\n\t\t\t\t<div class=\"elementor-widget-container\">\n\t\t\t<h1 class=\"elementor-heading-title elementor-size-default\">EQUIPE<\/h1>\t\t<\/div>\n\t\t\t\t<\/div>\n\t\t\t\t\t<\/div>\n\t\t<\/div>\n\t\t\t\t\t<\/div>\n\t\t<\/section>\n\t\t\t\t\t<\/div>\n\t\t<\/div>\n\t\t\t\t\t<\/div>\n\t\t<\/section>\n\t\t\t\t<section class=\"elementor-section elementor-top-section elementor-element elementor-element-79e9f1cb elementor-section-boxed elementor-section-height-default elementor-section-height-default\" data-id=\"79e9f1cb\" data-element_type=\"section\" data-settings=\"{&quot;_ha_eqh_enable&quot;:false}\">\n\t\t\t\t\t\t<div class=\"elementor-container elementor-column-gap-default\">\n\t\t\t\t\t<div class=\"elementor-column elementor-col-100 elementor-top-column elementor-element elementor-element-71ecdb92\" data-id=\"71ecdb92\" data-element_type=\"column\">\n\t\t\t<div class=\"elementor-widget-wrap elementor-element-populated\">\n\t\t\t\t\t\t<div class=\"elementor-element elementor-element-789ee446 elementor-widget elementor-widget-heading\" data-id=\"789ee446\" data-element_type=\"widget\" data-widget_type=\"heading.default\">\n\t\t\t\t<div class=\"elementor-widget-container\">\n\t\t\t<h2 class=\"elementor-heading-title elementor-size-default\">Nossa Equipe<\/h2>\t\t<\/div>\n\t\t\t\t<\/div>\n\t\t\t\t<div class=\"elementor-element elementor-element-9858f10 elementor-widget-divider--view-line_text elementor-widget-divider--element-align-center elementor-invisible elementor-widget elementor-widget-divider\" data-id=\"9858f10\" data-element_type=\"widget\" data-settings=\"{&quot;_animation&quot;:&quot;fadeInUp&quot;}\" data-widget_type=\"divider.default\">\n\t\t\t\t<div class=\"elementor-widget-container\">\n\t\t\t\t\t<div class=\"elementor-divider\">\n\t\t\t<span class=\"elementor-divider-separator\">\n\t\t\t\t\t\t\t<span class=\"elementor-divider__text elementor-divider__element\">\n\t\t\t\tProfissionais apaixonados pelo que fazem\t\t\t\t<\/span>\n\t\t\t\t\t\t<\/span>\n\t\t<\/div>\n\t\t\t\t<\/div>\n\t\t\t\t<\/div>\n\t\t\t\t\t<\/div>\n\t\t<\/div>\n\t\t\t\t\t<\/div>\n\t\t<\/section>\n\t\t\t\t<section class=\"elementor-section elementor-top-section elementor-element elementor-element-cd701b2 elementor-section-boxed elementor-section-height-default elementor-section-height-default\" data-id=\"cd701b2\" data-element_type=\"section\" data-settings=\"{&quot;_ha_eqh_enable&quot;:false}\">\n\t\t\t\t\t\t<div class=\"elementor-container elementor-column-gap-default\">\n\t\t\t\t\t<div class=\"elementor-column elementor-col-25 elementor-top-column elementor-element elementor-element-adc2674 elementor-invisible\" data-id=\"adc2674\" data-element_type=\"column\" data-settings=\"{&quot;animation&quot;:&quot;fadeIn&quot;,&quot;animation_delay&quot;:200}\">\n\t\t\t<div class=\"elementor-widget-wrap elementor-element-populated\">\n\t\t\t\t\t\t<div class=\"elementor-element elementor-element-5b427a7 animated-slow ha-has-bg-overlay elementor-invisible elementor-widget elementor-widget-image\" data-id=\"5b427a7\" data-element_type=\"widget\" data-settings=\"{&quot;_animation&quot;:&quot;fadeIn&quot;,&quot;_animation_delay&quot;:200}\" data-widget_type=\"image.default\">\n\t\t\t\t<div class=\"elementor-widget-container\">\n\t\t\t\t\t\t\t\t\t\t\t\t\t<img fetchpriority=\"high\" decoding=\"async\" width=\"1080\" height=\"868\" src=\"https:\/\/1075fm.com.br\/site\/wp-content\/uploads\/2024\/10\/PR-SERGIO.jpg\" class=\"attachment-full size-full wp-image-155\" alt=\"\" srcset=\"https:\/\/1075fm.com.br\/site\/wp-content\/uploads\/2024\/10\/PR-SERGIO.jpg 1080w, https:\/\/1075fm.com.br\/site\/wp-content\/uploads\/2024\/10\/PR-SERGIO-300x241.jpg 300w, https:\/\/1075fm.com.br\/site\/wp-content\/uploads\/2024\/10\/PR-SERGIO-1024x823.jpg 1024w, https:\/\/1075fm.com.br\/site\/wp-content\/uploads\/2024\/10\/PR-SERGIO-768x617.jpg 768w\" sizes=\"(max-width: 1080px) 100vw, 1080px\" \/>\t\t\t\t\t\t\t\t\t\t\t\t\t<\/div>\n\t\t\t\t<\/div>\n\t\t\t\t<div class=\"elementor-element elementor-element-3005cd8 animated-slow elementor-invisible elementor-widget elementor-widget-heading\" data-id=\"3005cd8\" data-element_type=\"widget\" data-settings=\"{&quot;_animation&quot;:&quot;fadeIn&quot;,&quot;_animation_delay&quot;:100}\" data-widget_type=\"heading.default\">\n\t\t\t\t<div class=\"elementor-widget-container\">\n\t\t\t<h5 class=\"elementor-heading-title elementor-size-default\">Pr. S\u00e9rgio Melfior<\/h5>\t\t<\/div>\n\t\t\t\t<\/div>\n\t\t\t\t<div class=\"elementor-element elementor-element-fa33332 elementor-widget elementor-widget-heading\" data-id=\"fa33332\" data-element_type=\"widget\" data-widget_type=\"heading.default\">\n\t\t\t\t<div class=\"elementor-widget-container\">\n\t\t\t<h5 class=\"elementor-heading-title elementor-size-default\">Presidente da Assembleia de Deus em Joinville. Programa Palavra do Pastor.<\/h5>\t\t<\/div>\n\t\t\t\t<\/div>\n\t\t\t\t\t<\/div>\n\t\t<\/div>\n\t\t\t\t<div class=\"elementor-column elementor-col-25 elementor-top-column elementor-element elementor-element-339305f elementor-invisible\" data-id=\"339305f\" data-element_type=\"column\" data-settings=\"{&quot;animation&quot;:&quot;fadeIn&quot;,&quot;animation_delay&quot;:400}\">\n\t\t\t<div class=\"elementor-widget-wrap elementor-element-populated\">\n\t\t\t\t\t\t<div class=\"elementor-element elementor-element-ba851ee animated-slow ha-has-bg-overlay elementor-invisible elementor-widget elementor-widget-image\" data-id=\"ba851ee\" data-element_type=\"widget\" data-settings=\"{&quot;_animation&quot;:&quot;fadeIn&quot;,&quot;_animation_delay&quot;:200}\" data-widget_type=\"image.default\">\n\t\t\t\t<div class=\"elementor-widget-container\">\n\t\t\t\t\t\t\t\t\t\t\t\t\t<img decoding=\"async\" width=\"868\" height=\"868\" src=\"https:\/\/1075fm.com.br\/site\/wp-content\/uploads\/2024\/10\/39148914_279948602601044_3006737541131927552_o.jpg\" class=\"attachment-full size-full wp-image-158\" alt=\"\" srcset=\"https:\/\/1075fm.com.br\/site\/wp-content\/uploads\/2024\/10\/39148914_279948602601044_3006737541131927552_o.jpg 868w, https:\/\/1075fm.com.br\/site\/wp-content\/uploads\/2024\/10\/39148914_279948602601044_3006737541131927552_o-300x300.jpg 300w, https:\/\/1075fm.com.br\/site\/wp-content\/uploads\/2024\/10\/39148914_279948602601044_3006737541131927552_o-150x150.jpg 150w, https:\/\/1075fm.com.br\/site\/wp-content\/uploads\/2024\/10\/39148914_279948602601044_3006737541131927552_o-768x768.jpg 768w\" sizes=\"(max-width: 868px) 100vw, 868px\" \/>\t\t\t\t\t\t\t\t\t\t\t\t\t<\/div>\n\t\t\t\t<\/div>\n\t\t\t\t<div class=\"elementor-element elementor-element-e7f482d animated-slow elementor-invisible elementor-widget elementor-widget-heading\" data-id=\"e7f482d\" data-element_type=\"widget\" data-settings=\"{&quot;_animation&quot;:&quot;fadeIn&quot;,&quot;_animation_delay&quot;:100}\" data-widget_type=\"heading.default\">\n\t\t\t\t<div class=\"elementor-widget-container\">\n\t\t\t<h5 class=\"elementor-heading-title elementor-size-default\">Pr. Alo\u00edsio Lucas<\/h5>\t\t<\/div>\n\t\t\t\t<\/div>\n\t\t\t\t<div class=\"elementor-element elementor-element-bba45dc elementor-widget elementor-widget-heading\" data-id=\"bba45dc\" data-element_type=\"widget\" data-widget_type=\"heading.default\">\n\t\t\t\t<div class=\"elementor-widget-container\">\n\t\t\t<h5 class=\"elementor-heading-title elementor-size-default\">Diretor Art\u00edstico\/Apresentador Nova Manh\u00e3 e Novidade de Vida.<\/h5>\t\t<\/div>\n\t\t\t\t<\/div>\n\t\t\t\t\t<\/div>\n\t\t<\/div>\n\t\t\t\t<div class=\"elementor-column elementor-col-25 elementor-top-column elementor-element elementor-element-d92f8d0 elementor-invisible\" data-id=\"d92f8d0\" data-element_type=\"column\" data-settings=\"{&quot;animation&quot;:&quot;fadeIn&quot;,&quot;animation_delay&quot;:600}\">\n\t\t\t<div class=\"elementor-widget-wrap\">\n\t\t\t\t\t\t\t<\/div>\n\t\t<\/div>\n\t\t\t\t<div class=\"elementor-column elementor-col-25 elementor-top-column elementor-element elementor-element-40102e4 elementor-invisible\" data-id=\"40102e4\" data-element_type=\"column\" data-settings=\"{&quot;animation&quot;:&quot;fadeIn&quot;,&quot;animation_delay&quot;:800}\">\n\t\t\t<div class=\"elementor-widget-wrap\">\n\t\t\t\t\t\t\t<\/div>\n\t\t<\/div>\n\t\t\t\t\t<\/div>\n\t\t<\/section>\n\t\t\t\t<\/div>\n\t\t","protected":false},"excerpt":{"rendered":"<p>Equipe N\u00e3o perca tempo, baixe agora e conecte-se \u00e0 107,5 FM, onde e quando quiser! GOOGLE PLAY APPLE STORE EQUIPE Nossa Equipe Profissionais apaixonados pelo que fazem Pr. S\u00e9rgio Melfior Presidente da Assembleia de Deus em Joinville. Programa Palavra do Pastor. Pr. Alo\u00edsio Lucas Diretor Art\u00edstico\/Apresentador Nova Manh\u00e3 e Novidade de Vida.<\/p>\n","protected":false},"author":1,"featured_media":0,"parent":0,"menu_order":0,"comment_status":"closed","ping_status":"closed","template":"elementor_header_footer","meta":{"_acf_changed":false,"footnotes":""},"class_list":["post-252","page","type-page","status-publish","hentry"],"acf":[],"yoast_head":"<!-- This site is optimized with the Yoast SEO plugin v24.4 - https:\/\/yoast.com\/wordpress\/plugins\/seo\/ -->\n<title>Equipe - R\u00e1dio 107,5 FM Simplesmente Diferente<\/title>\n<meta name=\"robots\" content=\"index, follow, max-snippet:-1, max-image-preview:large, max-video-preview:-1\" \/>\n<link rel=\"canonical\" href=\"https:\/\/1075fm.com.br\/site\/equipe\/\" \/>\n<meta property=\"og:locale\" content=\"pt_BR\" \/>\n<meta property=\"og:type\" content=\"article\" \/>\n<meta property=\"og:title\" content=\"Equipe - R\u00e1dio 107,5 FM Simplesmente Diferente\" \/>\n<meta property=\"og:description\" content=\"Equipe N\u00e3o perca tempo, baixe agora e conecte-se \u00e0 107,5 FM, onde e quando quiser! GOOGLE PLAY APPLE STORE EQUIPE Nossa Equipe Profissionais apaixonados pelo que fazem Pr. S\u00e9rgio Melfior Presidente da Assembleia de Deus em Joinville. Programa Palavra do Pastor. Pr. Alo\u00edsio Lucas Diretor Art\u00edstico\/Apresentador Nova Manh\u00e3 e Novidade de Vida.\" \/>\n<meta property=\"og:url\" content=\"https:\/\/1075fm.com.br\/site\/equipe\/\" \/>\n<meta property=\"og:site_name\" content=\"R\u00e1dio 107,5 FM Simplesmente Diferente\" \/>\n<meta property=\"article:modified_time\" content=\"2024-10-16T17:27:54+00:00\" \/>\n<meta property=\"og:image\" content=\"https:\/\/1075fm.com.br\/site\/wp-content\/uploads\/2024\/10\/PR-SERGIO.jpg\" \/>\n\t<meta property=\"og:image:width\" content=\"1080\" \/>\n\t<meta property=\"og:image:height\" content=\"868\" \/>\n\t<meta property=\"og:image:type\" content=\"image\/jpeg\" \/>\n<meta name=\"twitter:card\" content=\"summary_large_image\" \/>\n<script type=\"application\/ld+json\" class=\"yoast-schema-graph\">{\"@context\":\"https:\/\/schema.org\",\"@graph\":[{\"@type\":\"WebPage\",\"@id\":\"https:\/\/1075fm.com.br\/site\/equipe\/\",\"url\":\"https:\/\/1075fm.com.br\/site\/equipe\/\",\"name\":\"Equipe - R\u00e1dio 107,5 FM Simplesmente Diferente\",\"isPartOf\":{\"@id\":\"https:\/\/1075fm.com.br\/site\/#website\"},\"primaryImageOfPage\":{\"@id\":\"https:\/\/1075fm.com.br\/site\/equipe\/#primaryimage\"},\"image\":{\"@id\":\"https:\/\/1075fm.com.br\/site\/equipe\/#primaryimage\"},\"thumbnailUrl\":\"https:\/\/1075fm.com.br\/site\/wp-content\/uploads\/2024\/10\/PR-SERGIO.jpg\",\"datePublished\":\"2024-10-16T17:17:14+00:00\",\"dateModified\":\"2024-10-16T17:27:54+00:00\",\"breadcrumb\":{\"@id\":\"https:\/\/1075fm.com.br\/site\/equipe\/#breadcrumb\"},\"inLanguage\":\"pt-BR\",\"potentialAction\":[{\"@type\":\"ReadAction\",\"target\":[\"https:\/\/1075fm.com.br\/site\/equipe\/\"]}]},{\"@type\":\"ImageObject\",\"inLanguage\":\"pt-BR\",\"@id\":\"https:\/\/1075fm.com.br\/site\/equipe\/#primaryimage\",\"url\":\"https:\/\/1075fm.com.br\/site\/wp-content\/uploads\/2024\/10\/PR-SERGIO.jpg\",\"contentUrl\":\"https:\/\/1075fm.com.br\/site\/wp-content\/uploads\/2024\/10\/PR-SERGIO.jpg\",\"width\":1080,\"height\":868},{\"@type\":\"BreadcrumbList\",\"@id\":\"https:\/\/1075fm.com.br\/site\/equipe\/#breadcrumb\",\"itemListElement\":[{\"@type\":\"ListItem\",\"position\":1,\"name\":\"In\u00edcio\",\"item\":\"https:\/\/1075fm.com.br\/site\/\"},{\"@type\":\"ListItem\",\"position\":2,\"name\":\"Equipe\"}]},{\"@type\":\"WebSite\",\"@id\":\"https:\/\/1075fm.com.br\/site\/#website\",\"url\":\"https:\/\/1075fm.com.br\/site\/\",\"name\":\"R\u00e1dio 107,5 FM Simplesmente Diferente\",\"description\":\"\",\"potentialAction\":[{\"@type\":\"SearchAction\",\"target\":{\"@type\":\"EntryPoint\",\"urlTemplate\":\"https:\/\/1075fm.com.br\/site\/?s={search_term_string}\"},\"query-input\":{\"@type\":\"PropertyValueSpecification\",\"valueRequired\":true,\"valueName\":\"search_term_string\"}}],\"inLanguage\":\"pt-BR\"}]}<\/script>\n<!-- \/ Yoast SEO plugin. -->","yoast_head_json":{"title":"Equipe - R\u00e1dio 107,5 FM Simplesmente Diferente","robots":{"index":"index","follow":"follow","max-snippet":"max-snippet:-1","max-image-preview":"max-image-preview:large","max-video-preview":"max-video-preview:-1"},"canonical":"https:\/\/1075fm.com.br\/site\/equipe\/","og_locale":"pt_BR","og_type":"article","og_title":"Equipe - R\u00e1dio 107,5 FM Simplesmente Diferente","og_description":"Equipe N\u00e3o perca tempo, baixe agora e conecte-se \u00e0 107,5 FM, onde e quando quiser! GOOGLE PLAY APPLE STORE EQUIPE Nossa Equipe Profissionais apaixonados pelo que fazem Pr. S\u00e9rgio Melfior Presidente da Assembleia de Deus em Joinville. Programa Palavra do Pastor. Pr. Alo\u00edsio Lucas Diretor Art\u00edstico\/Apresentador Nova Manh\u00e3 e Novidade de Vida.","og_url":"https:\/\/1075fm.com.br\/site\/equipe\/","og_site_name":"R\u00e1dio 107,5 FM Simplesmente Diferente","article_modified_time":"2024-10-16T17:27:54+00:00","og_image":[{"width":1080,"height":868,"url":"https:\/\/1075fm.com.br\/site\/wp-content\/uploads\/2024\/10\/PR-SERGIO.jpg","type":"image\/jpeg"}],"twitter_card":"summary_large_image","schema":{"@context":"https:\/\/schema.org","@graph":[{"@type":"WebPage","@id":"https:\/\/1075fm.com.br\/site\/equipe\/","url":"https:\/\/1075fm.com.br\/site\/equipe\/","name":"Equipe - R\u00e1dio 107,5 FM Simplesmente Diferente","isPartOf":{"@id":"https:\/\/1075fm.com.br\/site\/#website"},"primaryImageOfPage":{"@id":"https:\/\/1075fm.com.br\/site\/equipe\/#primaryimage"},"image":{"@id":"https:\/\/1075fm.com.br\/site\/equipe\/#primaryimage"},"thumbnailUrl":"https:\/\/1075fm.com.br\/site\/wp-content\/uploads\/2024\/10\/PR-SERGIO.jpg","datePublished":"2024-10-16T17:17:14+00:00","dateModified":"2024-10-16T17:27:54+00:00","breadcrumb":{"@id":"https:\/\/1075fm.com.br\/site\/equipe\/#breadcrumb"},"inLanguage":"pt-BR","potentialAction":[{"@type":"ReadAction","target":["https:\/\/1075fm.com.br\/site\/equipe\/"]}]},{"@type":"ImageObject","inLanguage":"pt-BR","@id":"https:\/\/1075fm.com.br\/site\/equipe\/#primaryimage","url":"https:\/\/1075fm.com.br\/site\/wp-content\/uploads\/2024\/10\/PR-SERGIO.jpg","contentUrl":"https:\/\/1075fm.com.br\/site\/wp-content\/uploads\/2024\/10\/PR-SERGIO.jpg","width":1080,"height":868},{"@type":"BreadcrumbList","@id":"https:\/\/1075fm.com.br\/site\/equipe\/#breadcrumb","itemListElement":[{"@type":"ListItem","position":1,"name":"In\u00edcio","item":"https:\/\/1075fm.com.br\/site\/"},{"@type":"ListItem","position":2,"name":"Equipe"}]},{"@type":"WebSite","@id":"https:\/\/1075fm.com.br\/site\/#website","url":"https:\/\/1075fm.com.br\/site\/","name":"R\u00e1dio 107,5 FM Simplesmente Diferente","description":"","potentialAction":[{"@type":"SearchAction","target":{"@type":"EntryPoint","urlTemplate":"https:\/\/1075fm.com.br\/site\/?s={search_term_string}"},"query-input":{"@type":"PropertyValueSpecification","valueRequired":true,"valueName":"search_term_string"}}],"inLanguage":"pt-BR"}]}},"_links":{"self":[{"href":"https:\/\/1075fm.com.br\/site\/wp-json\/wp\/v2\/pages\/252","targetHints":{"allow":["GET"]}}],"collection":[{"href":"https:\/\/1075fm.com.br\/site\/wp-json\/wp\/v2\/pages"}],"about":[{"href":"https:\/\/1075fm.com.br\/site\/wp-json\/wp\/v2\/types\/page"}],"author":[{"embeddable":true,"href":"https:\/\/1075fm.com.br\/site\/wp-json\/wp\/v2\/users\/1"}],"replies":[{"embeddable":true,"href":"https:\/\/1075fm.com.br\/site\/wp-json\/wp\/v2\/comments?post=252"}],"version-history":[{"count":7,"href":"https:\/\/1075fm.com.br\/site\/wp-json\/wp\/v2\/pages\/252\/revisions"}],"predecessor-version":[{"id":279,"href":"https:\/\/1075fm.com.br\/site\/wp-json\/wp\/v2\/pages\/252\/revisions\/279"}],"wp:attachment":[{"href":"https:\/\/1075fm.com.br\/site\/wp-json\/wp\/v2\/media?parent=252"}],"curies":[{"name":"wp","href":"https:\/\/api.w.org\/{rel}","templated":true}]}}